{"id":113,"date":"2022-08-16T21:10:27","date_gmt":"2022-08-16T19:10:27","guid":{"rendered":"http:\/\/www.raeevolutionpiemonte.it\/?page_id=113"},"modified":"2023-02-13T15:28:56","modified_gmt":"2023-02-13T14:28:56","slug":"ithome","status":"publish","type":"page","link":"https:\/\/www.raeevolutionpiemonte.it\/en\/","title":{"rendered":"Home"},"content":{"rendered":"<div class=\"n2_clear\"><ss3-force-full-width data-overflow-x=\"body\" data-horizontal-selector=\"body\"><div class=\"n2-section-smartslider fitvidsignore  n2_clear\" data-ssid=\"4\"><div id=\"n2-ss-4-align\" class=\"n2-ss-align\"><div class=\"n2-padding\"><div id=\"n2-ss-4\" data-creator=\"Smart Slider 3\" data-responsive=\"fullwidth\" class=\"n2-ss-slider n2-ow n2-has-hover n2notransition  \">\n        <div class=\"n2-ss-slider-1 n2_ss__touch_element n2-ow\">\n            <div class=\"n2-ss-slider-2 n2-ow\">\n                                                <div class=\"n2-ss-slider-3 n2-ow\">\n\n                    <div class=\"n2-ss-static-slide n2-ow\"><div class=\"n2-ss-layer n2-ow n-uc-BrXWPJITpyJm\" data-sstype=\"slide\" data-pm=\"default\"><div class=\"n2-ss-layer n2-ow n-uc-bC4FUqlayPjW\" data-pm=\"default\" data-sstype=\"content\" data-hasbackground=\"0\"><div class=\"n2-ss-section-main-content n2-ss-layer-with-background n2-ss-layer-content n2-ow n-uc-bC4FUqlayPjW-inner\"><div class=\"n2-ss-layer n2-ow n-uc-AKAhhEagsNOC\" data-pm=\"normal\" data-hidemobileportrait=\"1\" data-sstype=\"layer\"><h1 id=\"n2-ss-4item1\" class=\"n2-font-1616cd4e18e0cb50ed534cd6ba754fa6-hover n2-style-654fb965c533036469fbf99fa08e4336-heading   n2-ss-item-content n2-ss-text n2-ow\" style=\"display:block;\">RAEEVOLUTION PIEMONTE<\/h1><\/div><div class=\"n2-ss-layer n2-ow n-uc-yAiImtGx6VIG\" data-pm=\"normal\" data-hidemobileportrait=\"1\" data-sstype=\"layer\"><h2 id=\"n2-ss-4item2\" class=\"n2-font-a511d6a6ef9b1b1e5eabc8b24240e63d-hover n2-style-f20c151d99d31877cae787392751ca24-heading   n2-ss-item-content n2-ss-text n2-ow\" style=\"display:block;\">L&#8217;evoluzione del RAEE<\/h2><\/div><\/div><\/div><\/div><\/div><div class=\"n2-ss-slide-backgrounds n2-ow-all\"><div class=\"n2-ss-slide-background\" data-public-id=\"1\" data-mode=\"fill\"><div class=\"n2-ss-slide-background-image\" data-blur=\"0\" data-opacity=\"100\" data-x=\"50\" data-y=\"50\" data-alt=\"\" data-title=\"\"><picture class=\"skip-lazy\" data-skip-lazy=\"1\"><img decoding=\"async\" src=\"\/\/www.raeevolutionpiemonte.it\/wp-content\/uploads\/slider\/cache\/2c03745175fabb40221b356b6e57a1a0\/mb1.jpg\" alt=\"\" title=\"\" loading=\"lazy\" class=\"skip-lazy\" data-skip-lazy=\"1\"><\/picture><\/div><div data-color=\"RGBA(255,255,255,0)\" style=\"background-color: RGBA(255,255,255,0);\" class=\"n2-ss-slide-background-color\"><\/div><\/div><div class=\"n2-ss-slide-background\" data-public-id=\"2\" data-mode=\"fill\"><div class=\"n2-ss-slide-background-image\" data-blur=\"0\" data-opacity=\"100\" data-x=\"50\" data-y=\"50\" data-alt=\"\" data-title=\"\"><picture class=\"skip-lazy\" data-skip-lazy=\"1\"><img decoding=\"async\" src=\"\/\/www.raeevolutionpiemonte.it\/wp-content\/uploads\/slider\/cache\/47e4b7985ca13dbd7810a3a4a977cbc3\/mb2.jpg\" alt=\"\" title=\"\" loading=\"lazy\" class=\"skip-lazy\" data-skip-lazy=\"1\"><\/picture><\/div><div data-color=\"RGBA(255,255,255,0)\" style=\"background-color: RGBA(255,255,255,0);\" class=\"n2-ss-slide-background-color\"><\/div><\/div><div class=\"n2-ss-slide-background\" data-public-id=\"3\" data-mode=\"fill\"><div class=\"n2-ss-slide-background-image\" data-blur=\"0\" data-opacity=\"100\" data-x=\"50\" data-y=\"50\" data-alt=\"\" data-title=\"\"><picture class=\"skip-lazy\" data-skip-lazy=\"1\"><img decoding=\"async\" src=\"\/\/www.raeevolutionpiemonte.it\/wp-content\/uploads\/slider\/cache\/e83abd6876299c5f471c5822c51498b6\/2560px-Electronic_waste_at_Agbogbloshie_Ghana.jpg\" alt=\"\" title=\"\" loading=\"lazy\" class=\"skip-lazy\" data-skip-lazy=\"1\"><\/picture><\/div><div data-color=\"RGBA(255,255,255,0)\" style=\"background-color: RGBA(255,255,255,0);\" class=\"n2-ss-slide-background-color\"><\/div><\/div><div class=\"n2-ss-slide-background\" data-public-id=\"4\" data-mode=\"fill\"><div class=\"n2-ss-slide-background-image\" data-blur=\"0\" data-opacity=\"100\" data-x=\"50\" data-y=\"50\" data-alt=\"\" data-title=\"\"><picture class=\"skip-lazy\" data-skip-lazy=\"1\"><img decoding=\"async\" src=\"\/\/www.raeevolutionpiemonte.it\/wp-content\/uploads\/slider\/cache\/55a59414a9d62cfb37fa9d09faaca4e3\/mb3.jpg\" alt=\"\" title=\"\" loading=\"lazy\" class=\"skip-lazy\" data-skip-lazy=\"1\"><\/picture><\/div><div data-color=\"RGBA(255,255,255,0)\" style=\"background-color: RGBA(255,255,255,0);\" class=\"n2-ss-slide-background-color\"><\/div><\/div><div class=\"n2-ss-slide-background\" data-public-id=\"5\" data-mode=\"fill\"><div class=\"n2-ss-slide-background-image\" data-blur=\"0\" data-opacity=\"100\" data-x=\"50\" data-y=\"50\" data-alt=\"\" data-title=\"\"><picture class=\"skip-lazy\" data-skip-lazy=\"1\"><img decoding=\"async\" src=\"\/\/www.raeevolutionpiemonte.it\/wp-content\/uploads\/slider\/cache\/2110ef560fb856e688950e726fe730fa\/mb4.jpg\" alt=\"\" title=\"\" loading=\"lazy\" class=\"skip-lazy\" data-skip-lazy=\"1\"><\/picture><\/div><div data-color=\"RGBA(255,255,255,0)\" style=\"background-color: RGBA(255,255,255,0);\" class=\"n2-ss-slide-background-color\"><\/div><\/div><div class=\"n2-ss-slide-background\" data-public-id=\"6\" data-mode=\"fill\"><div class=\"n2-ss-slide-background-image\" data-blur=\"0\" data-opacity=\"100\" data-x=\"50\" data-y=\"50\" data-alt=\"\" data-title=\"\"><picture class=\"skip-lazy\" data-skip-lazy=\"1\"><img decoding=\"async\" src=\"\/\/www.raeevolutionpiemonte.it\/wp-content\/uploads\/slider\/cache\/70847a8c6e9416ef2b0ab8afbc58a7e7\/mb5.jpg\" alt=\"\" title=\"\" loading=\"lazy\" class=\"skip-lazy\" data-skip-lazy=\"1\"><\/picture><\/div><div data-color=\"RGBA(255,255,255,0)\" style=\"background-color: RGBA(255,255,255,0);\" class=\"n2-ss-slide-background-color\"><\/div><\/div><div class=\"n2-ss-slide-background\" data-public-id=\"7\" data-mode=\"fill\"><div class=\"n2-ss-slide-background-image\" data-blur=\"0\" data-opacity=\"100\" data-x=\"45\" data-y=\"51\" data-alt=\"\" data-title=\"\" style=\"--ss-o-pos-x:45%;--ss-o-pos-y:51%\"><picture class=\"skip-lazy\" data-skip-lazy=\"1\"><img decoding=\"async\" src=\"\/\/www.raeevolutionpiemonte.it\/wp-content\/uploads\/slider\/cache\/13a099f804f9c1ff1b3cb619aaaf001c\/bikedevbrok.jpg\" alt=\"\" title=\"\" loading=\"lazy\" class=\"skip-lazy\" data-skip-lazy=\"1\"><\/picture><\/div><div data-color=\"RGBA(255,255,255,0)\" style=\"background-color: RGBA(255,255,255,0);\" class=\"n2-ss-slide-background-color\"><\/div><\/div><div class=\"n2-ss-slide-background\" data-public-id=\"8\" data-mode=\"fill\"><div class=\"n2-ss-slide-background-image\" data-blur=\"0\" data-opacity=\"100\" data-x=\"50\" data-y=\"50\" data-alt=\"\" data-title=\"\"><picture class=\"skip-lazy\" data-skip-lazy=\"1\"><img decoding=\"async\" src=\"\/\/www.raeevolutionpiemonte.it\/wp-content\/uploads\/slider\/cache\/8829f2ec99b2c56d90e4e3f6d491f792\/mb3-1.jpg\" alt=\"\" title=\"\" loading=\"lazy\" class=\"skip-lazy\" data-skip-lazy=\"1\"><\/picture><\/div><div data-color=\"RGBA(255,255,255,0)\" style=\"background-color: RGBA(255,255,255,0);\" class=\"n2-ss-slide-background-color\"><\/div><\/div><\/div>                    <div class=\"n2-ss-slider-4 n2-ow\">\n                        <svg xmlns=\"http:\/\/www.w3.org\/2000\/svg\" viewBox=\"0 0 1200 400\" data-related-device=\"desktopPortrait\" class=\"n2-ow n2-ss-preserve-size n2-ss-preserve-size--slider n2-ss-slide-limiter\"><\/svg><div data-first=\"1\" data-slide-duration=\"0\" data-id=\"24\" data-slide-public-id=\"1\" data-title=\"mb1\" class=\"n2-ss-slide n2-ow  n2-ss-slide-24\"><div role=\"note\" class=\"n2-ss-slide--focus\" tabindex=\"-1\">mb1<\/div><div class=\"n2-ss-layers-container n2-ss-slide-limiter n2-ow\"><div class=\"n2-ss-layer n2-ow n-uc-2LdGreAmJVMs\" data-sstype=\"slide\" data-pm=\"default\"><\/div><\/div><\/div><div data-slide-duration=\"0\" data-id=\"25\" data-slide-public-id=\"2\" data-title=\"mb2\" class=\"n2-ss-slide n2-ow  n2-ss-slide-25\"><div role=\"note\" class=\"n2-ss-slide--focus\" tabindex=\"-1\">mb2<\/div><div class=\"n2-ss-layers-container n2-ss-slide-limiter n2-ow\"><div class=\"n2-ss-layer n2-ow n-uc-KMF4KFOFhXpz\" data-sstype=\"slide\" data-pm=\"default\"><\/div><\/div><\/div><div data-slide-duration=\"0\" data-id=\"22\" data-slide-public-id=\"3\" data-title=\"2560px-Electronic_waste_at_Agbogbloshie,_Ghana\" class=\"n2-ss-slide n2-ow  n2-ss-slide-22\"><div role=\"note\" class=\"n2-ss-slide--focus\" tabindex=\"-1\">2560px-Electronic_waste_at_Agbogbloshie,_Ghana<\/div><div class=\"n2-ss-layers-container n2-ss-slide-limiter n2-ow\"><div class=\"n2-ss-layer n2-ow n-uc-fI4ZOGdlXSra\" data-sstype=\"slide\" data-pm=\"default\"><\/div><\/div><\/div><div data-slide-duration=\"0\" data-id=\"26\" data-slide-public-id=\"4\" data-title=\"mb3\" class=\"n2-ss-slide n2-ow  n2-ss-slide-26\"><div role=\"note\" class=\"n2-ss-slide--focus\" tabindex=\"-1\">mb3<\/div><div class=\"n2-ss-layers-container n2-ss-slide-limiter n2-ow\"><div class=\"n2-ss-layer n2-ow n-uc-0RBQRfWyXPbs\" data-sstype=\"slide\" data-pm=\"default\"><\/div><\/div><\/div><div data-slide-duration=\"0\" data-id=\"27\" data-slide-public-id=\"5\" data-title=\"mb4\" class=\"n2-ss-slide n2-ow  n2-ss-slide-27\"><div role=\"note\" class=\"n2-ss-slide--focus\" tabindex=\"-1\">mb4<\/div><div class=\"n2-ss-layers-container n2-ss-slide-limiter n2-ow\"><div class=\"n2-ss-layer n2-ow n-uc-z9FLOBJMDdHr\" data-sstype=\"slide\" data-pm=\"default\"><\/div><\/div><\/div><div data-slide-duration=\"0\" data-id=\"28\" data-slide-public-id=\"6\" data-title=\"mb5\" class=\"n2-ss-slide n2-ow  n2-ss-slide-28\"><div role=\"note\" class=\"n2-ss-slide--focus\" tabindex=\"-1\">mb5<\/div><div class=\"n2-ss-layers-container n2-ss-slide-limiter n2-ow\"><div class=\"n2-ss-layer n2-ow n-uc-fFgoYARoDTrR\" data-sstype=\"slide\" data-pm=\"default\"><\/div><\/div><\/div><div data-slide-duration=\"0\" data-id=\"29\" data-slide-public-id=\"7\" data-title=\"bikedevbrok\" class=\"n2-ss-slide n2-ow  n2-ss-slide-29\"><div role=\"note\" class=\"n2-ss-slide--focus\" tabindex=\"-1\">bikedevbrok<\/div><div class=\"n2-ss-layers-container n2-ss-slide-limiter n2-ow\"><div class=\"n2-ss-layer n2-ow n-uc-SDNQzQleFHB7\" data-sstype=\"slide\" data-pm=\"default\"><\/div><\/div><\/div><div data-slide-duration=\"0\" data-id=\"30\" data-slide-public-id=\"8\" data-title=\"mb3\" class=\"n2-ss-slide n2-ow  n2-ss-slide-30\"><div role=\"note\" class=\"n2-ss-slide--focus\" tabindex=\"-1\">mb3<\/div><div class=\"n2-ss-layers-container n2-ss-slide-limiter n2-ow\"><div class=\"n2-ss-layer n2-ow n-uc-OT7ym5HQf5ps\" data-sstype=\"slide\" data-pm=\"default\"><\/div><\/div><\/div>                    <\/div>\n\n                                    <\/div>\n            <\/div>\n        <\/div>\n        <\/div><ss3-loader><\/ss3-loader><\/div><\/div><div class=\"n2_clear\"><\/div><\/div><\/ss3-force-full-width><\/div>\n\n\n<div style=\"height:20px\" aria-hidden=\"true\" class=\"wp-block-spacer\"><\/div>\n\n\n\n<h2 class=\"wp-block-heading\" style=\"font-size:23px\"><strong>La Nostra Filosofia<\/strong><\/h2>\n\n\n\n<p class=\"has-medium-font-size\">Oggi, e sempre di pi\u00f9 in futuro, la nostra vita sar\u00e0 legata all\u2019uso di apparecchi elettronici. Il problema maggiore sar\u00e0, e gi\u00e0 \u00e8, quello del loro smaltimento. Il tema si inserisce pi\u00f9 in generale all\u2019interno del fenomeno dell\u2019economia circolare e dell\u2019intenzione sempre pi\u00f9 diffusa di costituire una green economy pi\u00f9 rispettosa dell\u2019ambiente.\u00a0<strong>L\u2019idea imprenditoriale<\/strong> della RaeEvolution\u00a0\u00e8 quella di ritirare gratuitamente, o nell\u2019eventualit\u00e0 acquistare, materiali elettrici ed elettronici non funzionanti dalle aziende che hanno necessit\u00e0 di smaltirli, per poi selezionarli, separarli e rivenderli, nel pieno rispetto delle normative vigenti. <strong>Questo<\/strong> per la RaeEvolution significa concretizzare l\u2019idea di un\u2019economia al servizio del territorio.\u00a0<\/p>\n\n\n\n<p class=\"has-medium-font-size\">I nostri obiettivi sono:<\/p>\n\n\n\n<p class=\"has-medium-font-size\">\u25cf&nbsp;impegno sempre pi\u00f9 attuale nel prestare attenzione al riutilizzo e al riciclo;<\/p>\n\n\n\n<p class=\"has-medium-font-size\">\u25cf&nbsp;ridurre gli sprechi e l\u2019uso di risorse che derivano dall\u2019estrazione di materie prime limitate;<\/p>\n\n\n\n<p class=\"has-medium-font-size\">\u25cf&nbsp;fornire un servizio alle aziende del territorio, sollevandole dagli oneri per lo smaltimento;<\/p>\n\n\n\n<p class=\"has-medium-font-size\">\u25cf&nbsp;volont\u00e0 di \u201cfare impresa\u201d in maniera critica, con la consapevolezza di essere custodi, e non padroni, del nostro pianeta.<\/p>\n\n\n\n<p class=\"has-medium-font-size\">Puoi approfondire chi siamo e cosa facciamo dando un&#8217;occhiata alla nostra <a href=\"https:\/\/www.raeevolutionpiemonte.it\/mission\/\" title=\"\">Mission<\/a> e ai nostri <a href=\"https:\/\/www.raeevolutionpiemonte.it\/servizi\/\" title=\"\">Servizi<\/a><\/p>\n\n\n\n<h2 class=\"wp-block-heading\" style=\"font-size:23px\"><strong>La Filiera del Riuso<\/strong><\/h2>\n\n\n\n<p class=\"has-medium-font-size\">La filiera del riuso \u00e8 il nostro progetto corrente che prevede la riduzione al minimo dei rifiuti RAEE grazie all&#8217;economia circolare.<br>Collaboriamo con l&#8217;Aps Soluzioni InformEtiche per gestire le fasi successivi al recupero del materiale, come la valutazione e i test su alcuni dispositivi per definire se sono effettivamente diventati rifiuti.<br>In contemporanea ci sono gli Artigiani Digitali: studenti che imparano un mestiere dedicando uno o due pomeriggi alla settimana per ritrovarsi tutti insieme a collaborare per riparare dispositivi elettrici ed elettronici sia dal lato hardware che software.<br>Per ulteriori informazioni puoi visitare il <a href=\"https:\/\/www.sie.cloud\/\" target=\"_blank\" rel=\"noopener\" title=\"sito ufficiale di Soluzioni InformEtiche \">sito ufficiale di Soluzioni InformEtiche<\/a>.<br><br><\/p>\n","protected":false},"excerpt":{"rendered":"<p>La Nostra Filosofia Oggi, e sempre di pi\u00f9 in futuro, la nostra vita sar\u00e0 legata all\u2019uso di apparecchi elettronici. Il problema maggiore sar\u00e0, e gi\u00e0 \u00e8, quello del loro smaltimento. Il tema si inserisce pi\u00f9 in generale all\u2019interno del fenomeno dell\u2019economia circolare e dell\u2019intenzione sempre pi\u00f9 diffusa di costituire una green economy pi\u00f9 rispettosa dell\u2019ambiente.\u00a0L\u2019idea &hellip;<\/p>\n<p class=\"read-more\"> <a class=\"\" href=\"https:\/\/www.raeevolutionpiemonte.it\/en\/\"> <span class=\"screen-reader-text\">Home<\/span> Read More &raquo;<\/a><\/p>\n","protected":false},"author":1,"featured_media":0,"parent":0,"menu_order":0,"comment_status":"closed","ping_status":"closed","template":"","meta":{"site-sidebar-layout":"default","site-content-layout":"default","ast-global-header-display":"","ast-main-header-display":"","ast-hfb-above-header-display":"","ast-hfb-below-header-display":"","ast-hfb-mobile-header-display":"","site-post-title":"disabled","ast-breadcrumbs-content":"","ast-featured-img":"","footer-sml-layout":"","theme-transparent-header-meta":"","adv-header-id-meta":"","stick-header-meta":"","header-above-stick-meta":"","header-main-stick-meta":"","header-below-stick-meta":"","ngg_post_thumbnail":0,"footnotes":""},"class_list":["post-113","page","type-page","status-publish","hentry"],"aioseo_notices":[],"_links":{"self":[{"href":"https:\/\/www.raeevolutionpiemonte.it\/en\/wp-json\/wp\/v2\/pages\/113","targetHints":{"allow":["GET"]}}],"collection":[{"href":"https:\/\/www.raeevolutionpiemonte.it\/en\/wp-json\/wp\/v2\/pages"}],"about":[{"href":"https:\/\/www.raeevolutionpiemonte.it\/en\/wp-json\/wp\/v2\/types\/page"}],"author":[{"embeddable":true,"href":"https:\/\/www.raeevolutionpiemonte.it\/en\/wp-json\/wp\/v2\/users\/1"}],"replies":[{"embeddable":true,"href":"https:\/\/www.raeevolutionpiemonte.it\/en\/wp-json\/wp\/v2\/comments?post=113"}],"version-history":[{"count":20,"href":"https:\/\/www.raeevolutionpiemonte.it\/en\/wp-json\/wp\/v2\/pages\/113\/revisions"}],"predecessor-version":[{"id":324,"href":"https:\/\/www.raeevolutionpiemonte.it\/en\/wp-json\/wp\/v2\/pages\/113\/revisions\/324"}],"wp:attachment":[{"href":"https:\/\/www.raeevolutionpiemonte.it\/en\/wp-json\/wp\/v2\/media?parent=113"}],"curies":[{"name":"wp","href":"https:\/\/api.w.org\/{rel}","templated":true}]}}